{"id":21340,"date":"2025-07-29T00:23:10","date_gmt":"2025-07-29T00:23:10","guid":{"rendered":"https:\/\/kingwaycarrental.com\/product\/mercedes-gle-63-white\/"},"modified":"2026-03-12T04:18:10","modified_gmt":"2026-03-12T04:18:10","slug":"mercedes-gle-63-white","status":"publish","type":"product","link":"https:\/\/kingwaycarrental.com\/de\/car\/mercedes-gle-63-white\/","title":{"rendered":"Mercedes GLE 63S AMG"},"content":{"rendered":"<h3 dir=\"ltr\">Erkunden Sie Dubai mit Stil mit dem Mercedes AMG GLE 63S Coup\u00e9<\/h3>\n<p dir=\"ltr\">Dubai ist nicht nur eine Stadt \u2013 es ist ein Reiseziel f\u00fcr alle, die Abenteuer und Luxus lieben. Mit seiner atemberaubenden Skyline, den ikonischen Wahrzeichen und den endlosen W\u00fcstenlandschaften gibt es keinen besseren Weg, all das zu erleben, als hinter dem Steuer eines Mercedes GLE 63S zu sitzen. Das Fahrzeug pr\u00e4sentiert sich mit einer eleganten wei\u00dfen Au\u00dfenfarbe und einem luxuri\u00f6sen roten Innenraum \u2013 ein handgefertigtes Meisterwerk in jedem Detail.<\/p>\n<ul>\n<li dir=\"ltr\"><strong>Entdecke Dubais ikonische Sehensw\u00fcrdigkeiten:<\/strong> Fahre durch die pulsierenden Stra\u00dfen Dubais und genie\u00dfe Ausblicke auf den imposanten Burj Khalifa, die beeindruckende Palm Jumeirah und die lebhafte Dubai Marina. Der Mercedes GLE 63 vereint Kraft und Eleganz und macht jede Fahrt so geschmeidig wie stilvoll. Und eines ist sicher \u2013 du wirst \u00fcberall die Blicke auf dich ziehen.<\/li>\n<li dir=\"ltr\"><strong>Entfalte deinen inneren Entdecker:<\/strong> Erlebe den Nervenkitzel der W\u00fcstend\u00fcnen Dubais mit dem Mercedes GLE 63. Sein 4MATIC+ Allradantriebssystem und das adaptive Fahrwerk sind perfekt, um das sandige Terrain m\u00fchelos zu bew\u00e4ltigen und gleichzeitig die volle Kontrolle zu behalten. Egal, ob du durch die Stadt f\u00e4hrst oder ein W\u00fcstenabenteuer planst \u2013 dieses Coup\u00e9 ist f\u00fcr alles geschaffen. Eine Fahrt durch Dubai in einem luxuri\u00f6sen SUV wie dem Mercedes GLE 63 ist ein Erlebnis der Extraklasse \u2013 es ist weit mehr als nur Fortbewegung, es ist ein Statement.<\/li>\n<\/ul>\n<h2 dir=\"ltr\">Miete den Mercedes-Benz GLE 63 in Dubai<\/h2>\n<p>Hol das Beste aus deiner Mercedes GLE 63 AMG Coup\u00e9 <a href=\"https:\/\/kingwaycarrental.com\/de\/\">Autovermietung Dubai<\/a> heraus \u2013 erlebe einige der sch\u00f6nsten Strecken der VAE. Hier sind unsere Empfehlungen:<\/p>\n<h4 dir=\"ltr\">Plane deine perfekte Route<\/h4>\n<ul>\n<li data-start=\"1889\" data-end=\"2034\"><strong data-start=\"1889\" data-end=\"1919\">Jebel Hafeet Mountain Road<\/strong> \u2013 Eine aufregende Strecke mit kurvigen Stra\u00dfen und atemberaubenden Ausblicken, ein Muss f\u00fcr jeden Autoliebhaber.<\/li>\n<li data-start=\"2037\" data-end=\"2182\"><strong data-start=\"2037\" data-end=\"2061\">Al Qudra Lakes Drive<\/strong> \u2013 Entfliehe der Stadt und genie\u00dfe eine ruhige Fahrt, bei der Natur und Luxus in perfekter Harmonie aufeinandertreffen.<\/li>\n<li data-start=\"2185\" data-end=\"2318\"><strong data-start=\"2185\" data-end=\"2214\">Dubai nach Ras Al Khaimah<\/strong> \u2013 Tauche in Kultur und Geschichte ein auf diesem kurzen Roadtrip, nur eine Stunde von Dubai entfernt.<\/li>\n<\/ul>\n<h4 dir=\"ltr\">Unvergessliche Momente festhalten<\/h4>\n<p>Deine <a href=\"https:\/\/kingwaycarrental.com\/de\/rent-mercedes-in-dubai\/\">Mercedes Autovermietung<\/a> ist mehr als nur eine Fahrt \u2013 es ist ein Erlebnis. Fahre zu den besten Fotospots wie dem ikonischen Burj Al Arab, den majest\u00e4tischen W\u00fcstend\u00fcnen oder der Dubai Marina f\u00fcr perfekte Instagram-Motive. Dieses Auto ist mehr als ein Transportmittel \u2013 es ist ein Symbol deines Abenteuers.<\/p>\n<h4 dir=\"ltr\">Fahre mit K\u00f6pfchen<\/h4>\n<p dir=\"ltr\">Die Stra\u00dfen Dubais sind erstklassig, doch die Einhaltung der Verkehrsregeln ist entscheidend. Achte auf Geschwindigkeitsbegrenzungen, respektiere die Verkehrsordnung und genie\u00dfe eine ruhige und sichere Fahrt mit vollem Komfort.<\/p>\n<p data-start=\"2924\" data-end=\"2985\">Einen <a href=\"https:\/\/kingwaycarrental.com\/rent-mercedes-gle-63-in-dubai\/\">Mercedes GLE 63 in Dubai zu mieten<\/a> bedeutet mehr, als nur von Punkt A nach B zu kommen \u2013 es geht um Luxus, Leistung und unvergessliche Erlebnisse.<\/p>\n<h3>Abschlie\u00dfende Gedanken zur Miete des Mercedes GLE 63S in Dubai<\/h3>\n<p>Ganz gleich, ob du Dubai gesch\u00e4ftlich, privat oder f\u00fcr einen besonderen Anlass besuchst \u2013 <a href=\"https:\/\/kingwaycarrental.com\/mercedes-benz-gle-rental-dubai\/\">Einen Mercedes GLE in Dubai mieten<\/a> bei King Way Car Rental verleiht deiner Reise ein unvergleichliches Ma\u00df an Luxus und Komfort. Erlebe Dubai auf h\u00f6chstem Niveau \u2013 fahre mit Stil.<\/p>\n<div id=\"gtx-trans\" style=\"position: absolute; left: 432px; top: 832.641px;\">\n<div class=\"gtx-trans-icon\"><\/div>\n<\/div>\n","protected":false},"excerpt":{"rendered":"<h1>Miete den Mercedes GLE 63S AMG Coup\u00e9 in Dubai<\/h1>\n<p>Miete den Mercedes GLE 63S AMG Coup\u00e9 in Dubai zu einem unschlagbaren Preis. King Way Car Rental bietet dieses <a href=\"https:\/\/kingwaycarrental.com\/de\/luxury-car-rental-dubai\/\">Luxusauto zu vermieten<\/a> ohne Kaution und ohne Versicherungspflicht, ohne Kilometerbegrenzung, mit kostenloser Fahrzeuglieferung zu deinem Standort und exklusiven Rabatten auf dein Mietpaket. Starte jetzt deine Fahrt wie nie zuvor \u2013 mit Stil, Kraft und Freiheit!<\/p>\n","protected":false},"featured_media":21344,"comment_status":"open","ping_status":"closed","template":"","meta":[],"product_brand":[1296],"product_cat":[772,1303,918,923,919,783],"product_tag":[784,785,786,787],"class_list":{"0":"post-21340","1":"product","2":"type-product","3":"status-publish","4":"has-post-thumbnail","6":"product_brand-mercedes","7":"product_cat-all-cars","8":"product_cat-mercedes","9":"product_cat-mercedes-g-class","10":"product_cat-mercedes-gle","11":"product_cat-mercedes-gle-63","12":"product_cat-suv-cars","13":"product_tag-car-rental-de","14":"product_tag-king-way-car-rental-de","15":"product_tag-rent-a-car-in-dubai-de","16":"product_tag-----de","18":"first","19":"instock","20":"featured","21":"taxable","22":"shipping-taxable","23":"purchasable","24":"product-type-ovabrw_car_rental"},"_links":{"self":[{"href":"https:\/\/kingwaycarrental.com\/de\/wp-json\/wp\/v2\/product\/21340","targetHints":{"allow":["GET"]}}],"collection":[{"href":"https:\/\/kingwaycarrental.com\/de\/wp-json\/wp\/v2\/product"}],"about":[{"href":"https:\/\/kingwaycarrental.com\/de\/wp-json\/wp\/v2\/types\/product"}],"replies":[{"embeddable":true,"href":"https:\/\/kingwaycarrental.com\/de\/wp-json\/wp\/v2\/comments?post=21340"}],"version-history":[{"count":0,"href":"https:\/\/kingwaycarrental.com\/de\/wp-json\/wp\/v2\/product\/21340\/revisions"}],"wp:featuredmedia":[{"embeddable":true,"href":"https:\/\/kingwaycarrental.com\/de\/wp-json\/wp\/v2\/media\/21344"}],"wp:attachment":[{"href":"https:\/\/kingwaycarrental.com\/de\/wp-json\/wp\/v2\/media?parent=21340"}],"wp:term":[{"taxonomy":"product_brand","embeddable":true,"href":"https:\/\/kingwaycarrental.com\/de\/wp-json\/wp\/v2\/product_brand?post=21340"},{"taxonomy":"product_cat","embeddable":true,"href":"https:\/\/kingwaycarrental.com\/de\/wp-json\/wp\/v2\/product_cat?post=21340"},{"taxonomy":"product_tag","embeddable":true,"href":"https:\/\/kingwaycarrental.com\/de\/wp-json\/wp\/v2\/product_tag?post=21340"}],"curies":[{"name":"wp","href":"https:\/\/api.w.org\/{rel}","templated":true}]}}