{"id":20104,"date":"2025-08-09T00:03:33","date_gmt":"2025-08-09T00:03:33","guid":{"rendered":"https:\/\/kingwaycarrental.com\/product\/rolls-royce-cullinan-black\/"},"modified":"2026-03-12T04:15:36","modified_gmt":"2026-03-12T04:15:36","slug":"rolls-royce-cullinan-black","status":"publish","type":"product","link":"https:\/\/kingwaycarrental.com\/de\/car\/rolls-royce-cullinan-black\/","title":{"rendered":"Rolls Royce Cullinan II"},"content":{"rendered":"<h2>Vorteile der Rolls Royce Cullinan Series II Miete Dubai<\/h2>\n<p>Dieses Ultra-Luxusfahrzeug \u201eRolls-Royce Cullinan Series II\u201c verf\u00fcgt \u00fcber viele gro\u00dfartige Funktionen, wie folgt:<\/p>\n<ul>\n<li>Luxus-SUV in voller Gr\u00f6\u00dfe, perfekt f\u00fcr Familien, Freundesgruppen und Gesch\u00e4ftsreisende.<\/li>\n<li>Der Innenraum ist \u00e4u\u00dferst sch\u00f6n, komfortabel und luxuri\u00f6s.<\/li>\n<li>Repr\u00e4sentatives und beeindruckendes Au\u00dfendesign mit sportlichen Felgen.<\/li>\n<li>Fortschrittliche, ausgefeilte Technologie, die Ihre Fantasie befl\u00fcgelt und Sie in eine Welt voller Staunen entf\u00fchrt.<\/li>\n<li>Ein gigantischer, ber\u00fchmter und unglaublich leistungsstarker 6700-cm\u00b3-Twin-Turbo-V12-Motor mit 592 PS, der in nur 4,7 Sekunden von 0 auf 100 beschleunigt!<\/li>\n<\/ul>\n<p>Kontaktieren Sie uns noch heute, um einen <a href=\"https:\/\/kingwaycarrental.com\/de\/rent-rolls-royce-in-dubai\/\">Rolls-Royce in Dubai zu mieten<\/a> und viel Spa\u00df!<\/p>\n","protected":false},"excerpt":{"rendered":"<h1>Mieten Sie Rolls Royce Cullinan Series II (Schwarz), 2025 in Dubai<\/h1>\n<p>Jetzt einen <a href=\"https:\/\/kingwaycarrental.com\/de\/rolls-royce-cullinan-rental-dubai\/\">Mieten Sie Rolls-Royce Cullinan<\/a> Series II in Dubai, die neue Generation des neuesten Modells 2025 in Schwarz, zum besten Preis \u00fcber die <a href=\"https:\/\/kingwaycarrental.com\/de\/\">King Way Car Rental<\/a> Unternehmen ohne Kaution oder Versicherung. Fahren Sie wie ein Star und mit Sicherheit und erleben Sie ein Luxuserlebnis, das Sie noch nie zuvor hatten!<\/p>\n","protected":false},"featured_media":20105,"comment_status":"open","ping_status":"closed","template":"","meta":[],"product_brand":[],"product_cat":[804,772,782,805,783],"product_tag":[784,786],"class_list":{"0":"post-20104","1":"product","2":"type-product","3":"status-publish","4":"has-post-thumbnail","6":"product_cat-rolls-royce","7":"product_cat-all-cars","8":"product_cat-luxury-cars","9":"product_cat-rolls-royce-cullinan","10":"product_cat-suv-cars","11":"product_tag-car-rental-de","12":"product_tag-rent-a-car-in-dubai-de","14":"first","15":"instock","16":"featured","17":"taxable","18":"shipping-taxable","19":"purchasable","20":"product-type-ovabrw_car_rental"},"_links":{"self":[{"href":"https:\/\/kingwaycarrental.com\/de\/wp-json\/wp\/v2\/product\/20104","targetHints":{"allow":["GET"]}}],"collection":[{"href":"https:\/\/kingwaycarrental.com\/de\/wp-json\/wp\/v2\/product"}],"about":[{"href":"https:\/\/kingwaycarrental.com\/de\/wp-json\/wp\/v2\/types\/product"}],"replies":[{"embeddable":true,"href":"https:\/\/kingwaycarrental.com\/de\/wp-json\/wp\/v2\/comments?post=20104"}],"version-history":[{"count":0,"href":"https:\/\/kingwaycarrental.com\/de\/wp-json\/wp\/v2\/product\/20104\/revisions"}],"wp:featuredmedia":[{"embeddable":true,"href":"https:\/\/kingwaycarrental.com\/de\/wp-json\/wp\/v2\/media\/20105"}],"wp:attachment":[{"href":"https:\/\/kingwaycarrental.com\/de\/wp-json\/wp\/v2\/media?parent=20104"}],"wp:term":[{"taxonomy":"product_brand","embeddable":true,"href":"https:\/\/kingwaycarrental.com\/de\/wp-json\/wp\/v2\/product_brand?post=20104"},{"taxonomy":"product_cat","embeddable":true,"href":"https:\/\/kingwaycarrental.com\/de\/wp-json\/wp\/v2\/product_cat?post=20104"},{"taxonomy":"product_tag","embeddable":true,"href":"https:\/\/kingwaycarrental.com\/de\/wp-json\/wp\/v2\/product_tag?post=20104"}],"curies":[{"name":"wp","href":"https:\/\/api.w.org\/{rel}","templated":true}]}}