{"id":20008,"date":"2024-11-21T00:10:34","date_gmt":"2024-11-21T00:10:34","guid":{"rendered":"https:\/\/kingwaycarrental.com\/terms-and-conditions\/"},"modified":"2026-02-16T04:06:42","modified_gmt":"2026-02-16T04:06:42","slug":"terms-and-conditions","status":"publish","type":"page","link":"https:\/\/kingwaycarrental.com\/de\/terms-and-conditions\/","title":{"rendered":"Allgemeine Gesch\u00e4ftsbedingungen"},"content":{"rendered":"\n<p>Bitte lesen Sie diese Allgemeinen Gesch\u00e4ftsbedingungen sorgf\u00e4ltig durch, bevor Sie unseren Mietwagenservice nutzen.<\/p>\n\n\n\n<h2 class=\"wp-block-heading\">Auslegung und Definitionen<\/h2>\n\n\n\n<ul class=\"wp-block-list\">\n<li>Unternehmen: (im Folgenden als &#8218;das Unternehmen&#8216;, &#8218;Wir&#8216;, &#8218;Uns&#8216; oder &#8218;Unser&#8216; bezeichnet) bezieht sich auf King Way Car Rental L.L.C., mit Sitz in 23 24 St, Deira, Dubai, Vereinigte Arabische Emirate.<\/li>\n\n\n\n<li>Service: bezieht sich auf Autovermietungsdienste, mit oder ohne Fahrer, die innerhalb der Vereinigten Arabischen Emirate angeboten werden.<\/li>\n\n\n\n<li>Service bezieht sich auf die Website <a href=\"https:\/\/kingwaycarrental.com\/de\/\" target=\"_blank\" rel=\"noreferrer noopener\">https:\/\/kingwaycarrental.com\/de\/<\/a>.<\/li>\n\n\n\n<li>Sie: bezeichnet die Person, die auf den Service zugreift oder diesen nutzt, oder das Unternehmen oder eine andere juristische Person, in deren Auftrag eine solche Person auf den Service zugreift oder diesen nutzt, je nach Fall.<\/li>\n\n\n\n<li>Tochtergesellschaft: bezeichnet eine Einheit, die von einer Partei kontrolliert wird, diese kontrolliert oder unter gemeinsamer Kontrolle steht, wobei &#8218;Kontrolle&#8216; Eigentum von 80 % oder mehr der Anteile, Beteiligungen oder anderen stimmberechtigten Wertpapiere bedeutet.<\/li>\n\n\n\n<li>Ger\u00e4t: bezeichnet jedes Ger\u00e4t, das auf den Service zugreifen kann, wie Computer, Mobiltelefon oder Tablet.<\/li>\n\n\n\n<li>Allgemeine Gesch\u00e4ftsbedingungen (auch als &#8218;Bedingungen&#8216; bezeichnet): diese Allgemeinen Gesch\u00e4ftsbedingungen, die die gesamte Vereinbarung zwischen Ihnen und dem Unternehmen in Bezug auf die Nutzung des Services darstellen.<\/li>\n\n\n\n<li>Drittanbieter-Soziale-Medien-Dienste: bezeichnet jegliche Dienste oder Inhalte (einschlie\u00dflich Daten, Informationen, Produkte oder Dienstleistungen), die von einem Drittanbieter bereitgestellt werden und m\u00f6glicherweise durch den Service angezeigt, enthalten oder verf\u00fcgbar gemacht werden.<\/li>\n<\/ul>\n\n\n\n<h2 class=\"wp-block-heading\">Links zu anderen Websites<\/h2>\n\n\n\n<p>Unser Service kann Links zu Websites oder Diensten Dritter enthalten, die nicht im Besitz des Unternehmens sind oder von diesem kontrolliert werden.<\/p>\n\n\n\n<p>Das Unternehmen hat keine Kontrolle \u00fcber Inhalte, Datenschutzrichtlinien oder Praktiken von Websites oder Diensten Dritter und \u00fcbernimmt keine Verantwortung daf\u00fcr. Sie erkennen ferner an und stimmen zu, dass das Unternehmen weder direkt noch indirekt f\u00fcr Sch\u00e4den oder Verluste verantwortlich ist, die durch die Nutzung oder das Vertrauen auf solche Inhalte, Waren oder Dienstleistungen, die auf solchen Websites oder Diensten verf\u00fcgbar sind, verursacht oder angeblich verursacht wurden.<\/p>\n\n\n\n<p>Wir empfehlen Ihnen dringend, die Allgemeinen Gesch\u00e4ftsbedingungen und Datenschutzrichtlinien aller von Ihnen besuchten Drittanbieter-Websites oder -Dienste zu lesen.<\/p>\n\n\n\n<h2 class=\"wp-block-heading\">Annahme der Bedingungen<\/h2>\n\n\n\n<p>Durch den Zugriff auf oder die Nutzung unserer Dienste erkl\u00e4ren Sie sich mit diesen Allgemeinen Gesch\u00e4ftsbedingungen einverstanden. Wenn Sie mit einem Teil dieser Bedingungen nicht einverstanden sind, d\u00fcrfen Sie unseren Service nicht nutzen.<\/p>\n\n\n\n<h2 class=\"wp-block-heading\">Anerkennung<\/h2>\n\n\n\n<p>Dies sind die Allgemeinen Gesch\u00e4ftsbedingungen, die die Nutzung dieses Services (Autovermietung in Dubai, VAE) regeln und die Vereinbarung, die zwischen Ihnen und dem Unternehmen gilt. Diese Bedingungen legen die Rechte und Pflichten aller Nutzer in Bezug auf die Nutzung des Services fest.<\/p>\n\n\n\n<p>Ihr Zugang zu und Ihre Nutzung des Services h\u00e4ngt von Ihrer Annahme und Einhaltung dieser Bedingungen ab. Diese gelten f\u00fcr alle Besucher, Nutzer und andere Personen, die auf den Service zugreifen oder ihn nutzen.<\/p>\n\n\n\n<p>Durch den Zugriff auf oder die Nutzung des Services erkl\u00e4ren Sie sich mit diesen Bedingungen einverstanden. Wenn Sie mit einem Teil dieser Bedingungen nicht einverstanden sind, d\u00fcrfen Sie den Service nicht nutzen.<\/p>\n\n\n\n<p>Sie erkl\u00e4ren, dass Sie \u00fcber 19 Jahre alt sind, um bei King Way ein Auto zu mieten. Das Unternehmen erlaubt Personen unter 19 Jahren nicht, den Service zu nutzen.<\/p>\n\n\n\n<p>Ihr Zugang zu und Ihre Nutzung des Services h\u00e4ngt auch von Ihrer Annahme und Einhaltung der Datenschutzrichtlinie von King Way Car Rental L.L.C. ab.<\/p>\n\n\n\n<p>Unsere Datenschutzrichtlinie beschreibt unsere Verfahren zur Erfassung, Nutzung und Offenlegung Ihrer personenbezogenen Daten, wenn Sie die Anwendung oder die Website nutzen, und informiert Sie \u00fcber Ihre Datenschutzrechte und wie das Gesetz Sie sch\u00fctzt. Bitte lesen Sie unsere Datenschutzrichtlinie sorgf\u00e4ltig durch, bevor Sie unseren Service (Autovermietung in den VAE) nutzen.<\/p>\n\n\n\n<p>Wir bieten Autovermietung in Dubai ohne Kaution an, jedoch unter der Bedingung, dass eine Geb\u00fchr von 100 VAE-Dirham oder dem entsprechenden Betrag in anderen W\u00e4hrungen wie US-Dollar oder Euro gezahlt wird.<\/p>\n\n\n\n<h3 class=\"wp-block-heading\">Teilnahmebedingungen<\/h3>\n\n\n\n<p>Um bei uns ein Fahrzeug zu mieten, m\u00fcssen Sie:<\/p>\n\n\n\n<ul class=\"wp-block-list\">\n<li>Mindestens 19 Jahre alt sein.<\/li>\n\n\n\n<li>Einen g\u00fcltigen F\u00fchrerschein aus Ihrem Heimatland und\/oder einen g\u00fcltigen internationalen F\u00fchrerschein besitzen.<\/li>\n\n\n\n<li>Einen g\u00fcltigen Reisepass (f\u00fcr Touristen) oder eine Emirates-ID (f\u00fcr Einwohner) vorlegen.<\/li>\n\n\n\n<li>Eine g\u00fcltige Kreditkarte oder eine akzeptierte Zahlungsmethode als Garantie bereitstellen.<\/li>\n<\/ul>\n\n\n\n<h3 class=\"wp-block-heading\">Zahlungen<\/h3>\n\n\n\n<ul class=\"wp-block-list\">\n<li>Zahlungen k\u00f6nnen im Voraus oder bei Lieferung des Fahrzeugs erfolgen.<\/li>\n\n\n\n<li>Akzeptierte Zahlungsmethoden sind: Barzahlung, Kreditkarte (Visa \/ MasterCard), Tabby, Tamara oder Bank\u00fcberweisung. Alle Online-Zahlungen werden sicher verarbeitet.<\/li>\n\n\n\n<li>Bei Buchungen \u00fcber das Formular auf unserer Website oder per WhatsApp\/Telefon werden Ihre Daten ausschlie\u00dflich zur Verwaltung Ihrer Reservierung und zur Kommunikation mit Ihnen verarbeitet. Wir geben diese Daten nicht an Dritte weiter, au\u00dfer an Dienstleister oder wenn gesetzliche Vorschriften dies erfordern.<\/li>\n\n\n\n<li>Der zum Zeitpunkt der Buchung vereinbarte Mietpreis ist endg\u00fcltig und gem\u00e4\u00df der gew\u00e4hlten Zahlungsmethode zu zahlen.<\/li>\n\n\n\n<li>Es werden keine versteckten Geb\u00fchren oder Kosten erhoben.<\/li>\n<\/ul>\n\n\n\n<h3 class=\"wp-block-heading\">Nutzung des Fahrzeugs<\/h3>\n\n\n\n<ul class=\"wp-block-list\">\n<li>Das Fahrzeug muss in \u00dcbereinstimmung mit den Verkehrsgesetzen der Vereinigten Arabischen Emirate genutzt werden.<\/li>\n\n\n\n<li>Das Fahrzeug darf nicht f\u00fcr illegale Aktivit\u00e4ten, Rennen oder in gesperrten Bereichen verwendet werden.<\/li>\n\n\n\n<li>Sie sind daf\u00fcr verantwortlich, das Fahrzeug in demselben Zustand zur\u00fcckzugeben, in dem es geliefert wurde.<\/li>\n\n\n\n<li><\/li>\n<\/ul>\n\n\n\n<h2 class=\"wp-block-heading\">Versicherung und Verantwortung<\/h2>\n\n\n\n<p>W\u00e4hrend unsere Fahrzeuge gem\u00e4\u00df den Vorschriften der VAE <strong>vollkaskoversichert<\/strong> sind, bieten wir ein au\u00dfergew\u00f6hnliches Buchungserlebnis <strong>ohne Kaution<\/strong> und <strong>ohne obligatorische Versicherungsgeb\u00fchren<\/strong>. Wir blockieren keine Betr\u00e4ge auf Ihrer Kreditkarte. <strong>F\u00fcr Ihren Komfort bieten wir auch einen optionalen &#8218;Waiver&#8216;-Service gegen eine geringe t\u00e4gliche Geb\u00fchr an, der es Ihnen erm\u00f6glicht, dieses Erlebnis ohne Kaution und ohne jegliche Sicherheitsanforderungen zu genie\u00dfen.<\/strong> Der Mieter bleibt jedoch rechtlich verantwortlich f\u00fcr Bu\u00dfgelder oder Sch\u00e4den, die aus einer Verletzung des Mietvertrags oder der Verkehrsregeln der VAE resultieren.<\/p>\n\n\n\n<h2 class=\"wp-block-heading\">Kaution<\/h2>\n\n\n\n<p>Wir m\u00f6chten best\u00e4tigen, dass unser Mietwagenservice in den VAE keine Kaution erfordert, was Ihnen einen reibungslosen und transparenten Vermietungsprozess erm\u00f6glicht.<\/p>\n\n\n\n<h2 class=\"wp-block-heading\">Geb\u00fchren f\u00fcr versp\u00e4tete R\u00fcckgabe, Lieferung und Abholung<\/h2>\n\n\n\n<p>Wir bieten eine kostenlose <strong>Kulanzzeit von bis zu 2 Stunden<\/strong> bei versp\u00e4teter R\u00fcckgabe an. R\u00fcckgaben, die diesen Zeitraum \u00fcberschreiten, k\u00f6nnen jedoch zus\u00e4tzliche Geb\u00fchren in H\u00f6he eines vollen Miettages nach sich ziehen. F\u00fcr die Zustellung oder Abholung des Fahrzeugs an den angegebenen Standorten fallen keine zus\u00e4tzlichen Geb\u00fchren an, sofern nicht schriftlich etwas anderes vereinbart wurde.<\/p>\n\n\n\n<h3 class=\"wp-block-heading\">Stornierungs- und R\u00fcckerstattungsrichtlinien<\/h3>\n\n\n\n<ul class=\"wp-block-list\">\n<li>Wenn Sie Ihre Buchung mindestens 48 Stunden vor der geplanten Abholzeit stornieren, erfolgt umgehend eine vollst\u00e4ndige R\u00fcckerstattung.<\/li>\n\n\n\n<li>Die R\u00fcckerstattung erfolgt \u00fcber die urspr\u00fcnglich f\u00fcr die Reservierung verwendete Zahlungsmethode.<\/li>\n<\/ul>\n\n\n\n<h3 class=\"wp-block-heading\">K\u00fcndigung<\/h3>\n\n\n\n<p>Wir behalten uns das Recht vor, Ihre Buchung zu sperren oder zu k\u00fcndigen, wenn Sie diese Bedingungen verletzen, falsche Dokumente bereitstellen oder illegale Aktivit\u00e4ten w\u00e4hrend der Nutzung unseres Services durchf\u00fchren.<\/p>\n\n\n\n<h2 class=\"wp-block-heading\">Haftungsbeschr\u00e4nkung<\/h2>\n\n\n\n<ul class=\"wp-block-list\">\n<li>Das Unternehmen haftet nicht f\u00fcr indirekte Sch\u00e4den, entgangene Gewinne oder pers\u00f6nliche Gegenst\u00e4nde, die im Fahrzeug zur\u00fcckgelassen wurden.<\/li>\n\n\n\n<li>Die maximale Haftung des Unternehmens darf den Gesamtbetrag, der f\u00fcr die Mietbuchung gezahlt wurde, nicht \u00fcberschreiten.<\/li>\n<\/ul>\n\n\n\n<h3 class=\"wp-block-heading\">Haftungsbeschr\u00e4nkung und H\u00f6here Gewalt:<\/h3>\n\n\n\n<p>Weder das Unternehmen noch der Mieter haften f\u00fcr ein Vers\u00e4umnis oder eine Verz\u00f6gerung bei der Erf\u00fcllung ihrer Verpflichtungen aus diesen Bedingungen, wenn dieses Vers\u00e4umnis oder diese Verz\u00f6gerung durch Ereignisse verursacht wird, die au\u00dferhalb ihrer angemessenen Kontrolle liegen, einschlie\u00dflich, aber nicht beschr\u00e4nkt auf Naturkatastrophen, staatliche Ma\u00dfnahmen, Streiks oder terroristische Handlungen.<\/p>\n\n\n\n<h2 class=\"wp-block-heading\">Datenschutzrichtlinie<\/h2>\n\n\n\n<p>Ihre Nutzung unseres Services unterliegt ebenfalls unserer Datenschutzrichtlinie, die hier verf\u00fcgbar ist:<br><a href=\"https:\/\/kingwaycarrental.com\/de\/privacy-policy\/\" target=\"_blank\" rel=\"noreferrer noopener\">https:\/\/kingwaycarrental.com\/privacy-policy<\/a>.<\/p>\n\n\n\n<h2 class=\"wp-block-heading\">Anwendbares Recht<\/h2>\n\n\n\n<p>Diese Bedingungen unterliegen den Gesetzen der Vereinigten Arabischen Emirate und sind gem\u00e4\u00df diesen auszulegen.<\/p>\n\n\n\n<p>Jegliche Streitigkeiten, die sich aus der Nutzung unserer Dienstleistungen ergeben oder damit in Verbindung stehen, sollen zun\u00e4chst einvernehmlich gel\u00f6st werden.<\/p>\n\n\n\n<p>Kann keine Einigung erzielt werden, wird der Streitfall den Gerichten in Dubai, Vereinigte Arabische Emirate, vorgelegt, die die ausschlie\u00dfliche Zust\u00e4ndigkeit haben.<\/p>\n\n\n\n<h2 class=\"wp-block-heading\">\u00c4nderungen der Bedingungen<\/h2>\n\n\n\n<p>Wir behalten uns das Recht vor, diese Bedingungen jederzeit zu \u00e4ndern oder zu aktualisieren.<br>Im Falle wesentlicher \u00c4nderungen informieren wir Sie vor deren Inkrafttreten.<br>Die fortgesetzte Nutzung des Services nach Ver\u00f6ffentlichung der \u00c4nderungen bedeutet, dass Sie die \u00fcberarbeiteten Bedingungen akzeptieren.<\/p>\n\n\n\n<h2 class=\"wp-block-heading\">Kontaktieren Sie uns<\/h2>\n\n\n\n<p>Wenn Sie Fragen zu diesen Allgemeinen Gesch\u00e4ftsbedingungen haben, k\u00f6nnen Sie uns kontaktieren:<\/p>\n\n\n\n<ul class=\"wp-block-list\">\n<li><strong>Per E-Mail:<\/strong> info@kingwaycarrental.com<\/li>\n\n\n\n<li><strong>Per Telefon:<\/strong> +971505530830<\/li>\n\n\n\n<li><strong>WhatsApp:<\/strong> +971553022188<\/li>\n\n\n\n<li><strong>Adresse:<\/strong> 23 24 St, Deira, Dubai, Vereinigte Arabische Emirate.<\/li>\n<\/ul>\n","protected":false},"excerpt":{"rendered":"<p>Anerkennung<\/p>\n<p>Dies sind die Allgemeinen Gesch\u00e4ftsbedingungen, die die Nutzung dieses Services (Autovermietung in Dubai, VAE) regeln und die Vereinbarung, die zwischen Ihnen und dem Unternehmen gilt. Diese Bedingungen legen die Rechte und Pflichten aller Nutzer in Bezug auf die Nutzung des Services fest.<\/p>\n","protected":false},"author":2,"featured_media":19983,"parent":0,"menu_order":0,"comment_status":"closed","ping_status":"closed","template":"","meta":{"footnotes":""},"class_list":["post-20008","page","type-page","status-publish","has-post-thumbnail","hentry"],"_links":{"self":[{"href":"https:\/\/kingwaycarrental.com\/de\/wp-json\/wp\/v2\/pages\/20008","targetHints":{"allow":["GET"]}}],"collection":[{"href":"https:\/\/kingwaycarrental.com\/de\/wp-json\/wp\/v2\/pages"}],"about":[{"href":"https:\/\/kingwaycarrental.com\/de\/wp-json\/wp\/v2\/types\/page"}],"author":[{"embeddable":true,"href":"https:\/\/kingwaycarrental.com\/de\/wp-json\/wp\/v2\/users\/2"}],"replies":[{"embeddable":true,"href":"https:\/\/kingwaycarrental.com\/de\/wp-json\/wp\/v2\/comments?post=20008"}],"version-history":[{"count":0,"href":"https:\/\/kingwaycarrental.com\/de\/wp-json\/wp\/v2\/pages\/20008\/revisions"}],"wp:featuredmedia":[{"embeddable":true,"href":"https:\/\/kingwaycarrental.com\/de\/wp-json\/wp\/v2\/media\/19983"}],"wp:attachment":[{"href":"https:\/\/kingwaycarrental.com\/de\/wp-json\/wp\/v2\/media?parent=20008"}],"curies":[{"name":"wp","href":"https:\/\/api.w.org\/{rel}","templated":true}]}}